{"id":118,"date":"2021-05-19T11:23:58","date_gmt":"2021-05-19T14:23:58","guid":{"rendered":"https:\/\/global.siteup.dev\/?page_id=118"},"modified":"2021-06-29T16:59:20","modified_gmt":"2021-06-29T19:59:20","slug":"contato","status":"publish","type":"page","link":"https:\/\/www.global.upsites.dev\/en\/contato\/","title":{"rendered":"Contato"},"content":{"rendered":"<div data-elementor-type=\"wp-page\" data-elementor-id=\"118\" class=\"elementor elementor-118\">\n\t\t\t\t\t\t<div class=\"elementor-inner\">\n\t\t\t\t<div class=\"elementor-section-wrap\">\n\t\t\t\t\t\t\t\t\t<section class=\"elementor-section elementor-top-section elementor-element elementor-element-b089a91 elementor-section-height-min-height elementor-section-boxed elementor-section-height-default elementor-section-items-middle\" data-id=\"b089a91\" data-element_type=\"section\" data-settings=\"{&quot;background_background&quot;:&quot;classic&quot;}\">\n\t\t\t\t\t\t\t<div class=\"elementor-background-overlay\"><\/div>\n\t\t\t\t\t\t\t<div class=\"elementor-container elementor-column-gap-default\">\n\t\t\t\t\t\t\t<div class=\"elementor-row\">\n\t\t\t\t\t<div class=\"elementor-column elementor-col-100 elementor-top-column elementor-element elementor-element-b781867 elementor-invisible\" data-id=\"b781867\" data-element_type=\"column\" data-settings=\"{&quot;animation&quot;:&quot;fadeIn&quot;}\">\n\t\t\t<div class=\"elementor-column-wrap elementor-element-populated\">\n\t\t\t\t\t\t\t<div class=\"elementor-widget-wrap\">\n\t\t\t\t\t\t<div class=\"elementor-element elementor-element-2a939a5 elementor-widget elementor-widget-heading\" data-id=\"2a939a5\" data-element_type=\"widget\" data-widget_type=\"heading.default\">\n\t\t\t\t<div class=\"elementor-widget-container\">\n\t\t\t<h2 class=\"elementor-heading-title elementor-size-default\">Voc\u00ea se encarregaga das cenas,<\/h2>\t\t<\/div>\n\t\t\t\t<\/div>\n\t\t\t\t<div class=\"elementor-element elementor-element-fbc744c elementor-widget elementor-widget-text-editor\" data-id=\"fbc744c\" data-element_type=\"widget\" data-widget_type=\"text-editor.default\">\n\t\t\t\t<div class=\"elementor-widget-container\">\n\t\t\t\t\t\t\t\t<div class=\"elementor-text-editor elementor-clearfix\">\n\t\t\t\t<p>N\u00f3s protegemos os bastidores!<\/p>\t\t\t\t\t<\/div>\n\t\t\t\t\t\t<\/div>\n\t\t\t\t<\/div>\n\t\t\t\t\t\t<\/div>\n\t\t\t\t\t<\/div>\n\t\t<\/div>\n\t\t\t\t\t\t\t\t<\/div>\n\t\t\t\t\t<\/div>\n\t\t<\/section>\n\t\t\t\t<section class=\"elementor-section elementor-top-section elementor-element elementor-element-1b87e0c elementor-section-height-min-height elementor-section-boxed elementor-section-height-default elementor-section-items-middle\" data-id=\"1b87e0c\" data-element_type=\"section\" data-settings=\"{&quot;background_background&quot;:&quot;classic&quot;}\">\n\t\t\t\t\t\t<div class=\"elementor-container elementor-column-gap-default\">\n\t\t\t\t\t\t\t<div class=\"elementor-row\">\n\t\t\t\t\t<div class=\"elementor-column elementor-col-50 elementor-top-column elementor-element elementor-element-419b004\" data-id=\"419b004\" data-element_type=\"column\" data-settings=\"{&quot;background_background&quot;:&quot;classic&quot;}\">\n\t\t\t<div class=\"elementor-column-wrap elementor-element-populated\">\n\t\t\t\t\t\t\t<div class=\"elementor-widget-wrap\">\n\t\t\t\t\t\t<div class=\"elementor-element elementor-element-86a425e elementor-widget__width-initial elementor-widget elementor-widget-heading\" data-id=\"86a425e\" data-element_type=\"widget\" data-widget_type=\"heading.default\">\n\t\t\t\t<div class=\"elementor-widget-container\">\n\t\t\t<h2 class=\"elementor-heading-title elementor-size-default\">Entre em contato atrav\u00e9s do formul\u00e1rio abaixo que teremos prazer de poder atend\u00ea-lo<\/h2>\t\t<\/div>\n\t\t\t\t<\/div>\n\t\t\t\t<div class=\"elementor-element elementor-element-76b20c8 elementor-widget__width-initial elementor-button-align-stretch elementor-widget elementor-widget-form\" data-id=\"76b20c8\" data-element_type=\"widget\" data-settings=\"{&quot;button_width&quot;:&quot;25&quot;,&quot;step_next_label&quot;:&quot;Pr\\u00f3ximo&quot;,&quot;step_previous_label&quot;:&quot;Anterior&quot;,&quot;step_type&quot;:&quot;number_text&quot;,&quot;step_icon_shape&quot;:&quot;circle&quot;}\" data-widget_type=\"form.default\">\n\t\t\t\t<div class=\"elementor-widget-container\">\n\t\t\t\t\t<form class=\"elementor-form\" method=\"post\" name=\"Formul\u00e1rio de contato\" action=\"\">\n\t\t\t<input type=\"hidden\" name=\"post_id\" value=\"118\"\/>\n\t\t\t<input type=\"hidden\" name=\"form_id\" value=\"76b20c8\"\/>\n\t\t\t<input type=\"hidden\" name=\"referer_title\" value=\"Global Risk Solutions\" \/>\n\n\t\t\t\n\t\t\t<div class=\"elementor-form-fields-wrapper elementor-labels-above\">\n\t\t\t\t\t\t\t\t<div class=\"elementor-field-type-text elementor-field-group elementor-column elementor-field-group-name elementor-col-100 elementor-field-required\">\n\t\t\t\t\t\t\t\t\t\t\t\t<label for=\"form-field-name\" class=\"elementor-field-label\">\n\t\t\t\t\t\t\t\tNome*\t\t\t\t\t\t\t<\/label>\n\t\t\t\t\t\t\t\t\t\t\t\t\t\t<input size=\"1\" type=\"text\" name=\"form_fields[name]\" id=\"form-field-name\" class=\"elementor-field elementor-size-sm  elementor-field-textual\" required=\"required\" aria-required=\"true\">\n\t\t\t\t\t\t\t\t\t\t\t<\/div>\n\t\t\t\t\t\t\t\t<div class=\"elementor-field-type-email elementor-field-group elementor-column elementor-field-group-email elementor-col-100 elementor-field-required\">\n\t\t\t\t\t\t\t\t\t\t\t\t<label for=\"form-field-email\" class=\"elementor-field-label\">\n\t\t\t\t\t\t\t\tE-mail*\t\t\t\t\t\t\t<\/label>\n\t\t\t\t\t\t\t\t\t\t\t\t\t\t<input size=\"1\" type=\"email\" name=\"form_fields[email]\" id=\"form-field-email\" class=\"elementor-field elementor-size-sm  elementor-field-textual\" required=\"required\" aria-required=\"true\">\n\t\t\t\t\t\t\t\t\t\t\t<\/div>\n\t\t\t\t\t\t\t\t<div class=\"elementor-field-type-tel elementor-field-group elementor-column elementor-field-group-phone elementor-col-100\">\n\t\t\t\t\t\t\t\t\t\t\t\t<label for=\"form-field-phone\" class=\"elementor-field-label\">\n\t\t\t\t\t\t\t\tCelular\t\t\t\t\t\t\t<\/label>\n\t\t\t\t\t\t\t\t<input size=\"1\" type=\"tel\" name=\"form_fields[phone]\" id=\"form-field-phone\" class=\"elementor-field elementor-size-sm  elementor-field-textual\" pattern=\"[0-9()#&amp;+*-=.]+\" title=\"Only numbers and phone characters (#, -, *, etc) are accepted.\">\n\n\t\t\t\t\t\t<\/div>\n\t\t\t\t\t\t\t\t<div class=\"elementor-field-type-textarea elementor-field-group elementor-column elementor-field-group-message elementor-col-100\">\n\t\t\t\t\t\t\t\t\t\t\t\t<label for=\"form-field-message\" class=\"elementor-field-label\">\n\t\t\t\t\t\t\t\tMensagem\t\t\t\t\t\t\t<\/label>\n\t\t\t\t\t\t<textarea class=\"elementor-field-textual elementor-field  elementor-size-sm\" name=\"form_fields[message]\" id=\"form-field-message\" rows=\"4\" placeholder=\"Mensagem\"><\/textarea>\t\t\t\t<\/div>\n\t\t\t\t\t\t\t\t<div class=\"elementor-field-group elementor-column elementor-field-type-submit elementor-col-25 e-form__buttons\">\n\t\t\t\t\t<button type=\"submit\" class=\"elementor-button elementor-size-lg\">\n\t\t\t\t\t\t<span >\n\t\t\t\t\t\t\t\t\t\t\t\t\t\t\t<span class=\"elementor-button-icon\">\n\t\t\t\t\t\t\t\t\t\t\t\t\t\t\t\t\t\t\t\t\t\t\t\t\t\t<\/span>\n\t\t\t\t\t\t\t\t\t\t\t\t\t\t\t\t\t\t\t\t\t\t<span class=\"elementor-button-text\">Enviar<\/span>\n\t\t\t\t\t\t\t\t\t\t\t\t\t<\/span>\n\t\t\t\t\t<\/button>\n\t\t\t\t<\/div>\n\t\t\t<\/div>\n\t\t<input type=\"hidden\" name=\"trp-form-language\" value=\"en\"\/><\/form>\n\t\t\t\t<\/div>\n\t\t\t\t<\/div>\n\t\t\t\t\t\t<\/div>\n\t\t\t\t\t<\/div>\n\t\t<\/div>\n\t\t\t\t<div class=\"elementor-column elementor-col-50 elementor-top-column elementor-element elementor-element-c4fed21 elementor-invisible\" data-id=\"c4fed21\" data-element_type=\"column\" data-settings=\"{&quot;background_background&quot;:&quot;classic&quot;,&quot;animation&quot;:&quot;fadeInRight&quot;}\">\n\t\t\t<div class=\"elementor-column-wrap elementor-element-populated\">\n\t\t\t\t\t<div class=\"elementor-background-overlay\"><\/div>\n\t\t\t\t\t\t\t<div class=\"elementor-widget-wrap\">\n\t\t\t\t\t\t<div class=\"elementor-element elementor-element-b53f741 elementor-widget elementor-widget-heading\" data-id=\"b53f741\" data-element_type=\"widget\" data-widget_type=\"heading.default\">\n\t\t\t\t<div class=\"elementor-widget-container\">\n\t\t\t<h1 class=\"elementor-heading-title elementor-size-default\">Fale Conosco<\/h1>\t\t<\/div>\n\t\t\t\t<\/div>\n\t\t\t\t<div class=\"elementor-element elementor-element-d550437 elementor-view-stacked elementor-position-left elementor-shape-circle elementor-mobile-position-top elementor-vertical-align-top elementor-widget elementor-widget-icon-box\" data-id=\"d550437\" data-element_type=\"widget\" data-widget_type=\"icon-box.default\">\n\t\t\t\t<div class=\"elementor-widget-container\">\n\t\t\t\t\t<div class=\"elementor-icon-box-wrapper\">\n\t\t\t\t\t\t<div class=\"elementor-icon-box-icon\">\n\t\t\t\t<a class=\"elementor-icon elementor-animation-\" href=\"tel:011905214522\">\n\t\t\t\t<i aria-hidden=\"true\" class=\"fas fa-phone-alt\"><\/i>\t\t\t\t<\/a>\n\t\t\t<\/div>\n\t\t\t\t\t\t<div class=\"elementor-icon-box-content\">\n\t\t\t\t<h3 class=\"elementor-icon-box-title\">\n\t\t\t\t\t<a href=\"tel:011905214522\" >\n\t\t\t\t\t\t+55 11 905214522\t\t\t\t\t<\/a>\n\t\t\t\t<\/h3>\n\t\t\t\t\t\t\t<\/div>\n\t\t<\/div>\n\t\t\t\t<\/div>\n\t\t\t\t<\/div>\n\t\t\t\t<div class=\"elementor-element elementor-element-f535ef5 elementor-view-stacked elementor-position-left elementor-shape-circle elementor-mobile-position-top elementor-vertical-align-top elementor-widget elementor-widget-icon-box\" data-id=\"f535ef5\" data-element_type=\"widget\" data-widget_type=\"icon-box.default\">\n\t\t\t\t<div class=\"elementor-widget-container\">\n\t\t\t\t\t<div class=\"elementor-icon-box-wrapper\">\n\t\t\t\t\t\t<div class=\"elementor-icon-box-icon\">\n\t\t\t\t<a class=\"elementor-icon elementor-animation-\" href=\"mailto:contato@grisksolutions.com\">\n\t\t\t\t<i aria-hidden=\"true\" class=\"far fa-envelope\"><\/i>\t\t\t\t<\/a>\n\t\t\t<\/div>\n\t\t\t\t\t\t<div class=\"elementor-icon-box-content\">\n\t\t\t\t<h3 class=\"elementor-icon-box-title\">\n\t\t\t\t\t<a href=\"mailto:contato@grisksolutions.com\" >\n\t\t\t\t\t\tcontato@grisksolutions.com\t\t\t\t\t<\/a>\n\t\t\t\t<\/h3>\n\t\t\t\t\t\t\t<\/div>\n\t\t<\/div>\n\t\t\t\t<\/div>\n\t\t\t\t<\/div>\n\t\t\t\t<div class=\"elementor-element elementor-element-9346580 elementor-view-stacked elementor-position-left elementor-shape-circle elementor-mobile-position-top elementor-vertical-align-top elementor-widget elementor-widget-icon-box\" data-id=\"9346580\" data-element_type=\"widget\" data-widget_type=\"icon-box.default\">\n\t\t\t\t<div class=\"elementor-widget-container\">\n\t\t\t\t\t<div class=\"elementor-icon-box-wrapper\">\n\t\t\t\t\t\t<div class=\"elementor-icon-box-icon\">\n\t\t\t\t<a class=\"elementor-icon elementor-animation-\" href=\"https:\/\/goo.gl\/maps\/HKm69YVpkVHRtNpCA\">\n\t\t\t\t<i aria-hidden=\"true\" class=\"fas fa-map-marker-alt\"><\/i>\t\t\t\t<\/a>\n\t\t\t<\/div>\n\t\t\t\t\t\t<div class=\"elementor-icon-box-content\">\n\t\t\t\t<h3 class=\"elementor-icon-box-title\">\n\t\t\t\t\t<a href=\"https:\/\/goo.gl\/maps\/HKm69YVpkVHRtNpCA\" >\n\t\t\t\t\t\tRua da Consola\u00e7\u00e3o, 247 - 12 andar,<br>Consola\u00e7\u00e3o - S\u00e3o Paulo, SP.<br><br>Cep: 01301-903\t\t\t\t\t<\/a>\n\t\t\t\t<\/h3>\n\t\t\t\t\t\t\t<\/div>\n\t\t<\/div>\n\t\t\t\t<\/div>\n\t\t\t\t<\/div>\n\t\t\t\t<div class=\"elementor-element elementor-element-986241d elementor-widget elementor-widget-heading\" data-id=\"986241d\" data-element_type=\"widget\" data-widget_type=\"heading.default\">\n\t\t\t\t<div class=\"elementor-widget-container\">\n\t\t\t<h4 class=\"elementor-heading-title elementor-size-default\"><a href=\"https:\/\/goo.gl\/maps\/HKm69YVpkVHRtNpCA\" target=\"_blank\">Ver no Google Maps<\/a><\/h4>\t\t<\/div>\n\t\t\t\t<\/div>\n\t\t\t\t\t\t<\/div>\n\t\t\t\t\t<\/div>\n\t\t<\/div>\n\t\t\t\t\t\t\t\t<\/div>\n\t\t\t\t\t<\/div>\n\t\t<\/section>\n\t\t\t\t<section class=\"elementor-section elementor-top-section elementor-element elementor-element-6b87723 elementor-section-full_width elementor-section-height-default elementor-section-height-default\" data-id=\"6b87723\" data-element_type=\"section\">\n\t\t\t\t\t\t<div class=\"elementor-container elementor-column-gap-no\">\n\t\t\t\t\t\t\t<div class=\"elementor-row\">\n\t\t\t\t\t<div class=\"elementor-column elementor-col-100 elementor-top-column elementor-element elementor-element-baccff3\" data-id=\"baccff3\" data-element_type=\"column\">\n\t\t\t<div class=\"elementor-column-wrap elementor-element-populated\">\n\t\t\t\t\t\t\t<div class=\"elementor-widget-wrap\">\n\t\t\t\t\t\t<div class=\"elementor-element elementor-element-ee99924 elementor-widget__width-initial elementor-absolute elementor-widget elementor-widget-image\" data-id=\"ee99924\" data-element_type=\"widget\" data-settings=\"{&quot;_position&quot;:&quot;absolute&quot;}\" data-widget_type=\"image.default\">\n\t\t\t\t<div class=\"elementor-widget-container\">\n\t\t\t\t\t\t\t\t<div class=\"elementor-image\">\n\t\t\t\t\t\t\t\t\t\t\t\t<img width=\"552\" height=\"552\" src=\"https:\/\/www.global.upsites.dev\/wp-content\/uploads\/2021\/06\/group-3779-183500.png\" class=\"attachment-large size-large\" alt=\"fale-conosco-4\" loading=\"lazy\" srcset=\"https:\/\/www.global.upsites.dev\/wp-content\/uploads\/2021\/06\/group-3779-183500.png 552w, https:\/\/www.global.upsites.dev\/wp-content\/uploads\/2021\/06\/group-3779-183500-300x300.png 300w, https:\/\/www.global.upsites.dev\/wp-content\/uploads\/2021\/06\/group-3779-183500-150x150.png 150w, https:\/\/www.global.upsites.dev\/wp-content\/uploads\/2021\/06\/group-3779-183500-12x12.png 12w\" sizes=\"(max-width: 552px) 100vw, 552px\" \/>\t\t\t\t\t\t\t\t\t\t\t\t\t\t<\/div>\n\t\t\t\t\t\t<\/div>\n\t\t\t\t<\/div>\n\t\t\t\t<div class=\"elementor-element elementor-element-59cc2e2 elementor-widget__width-initial elementor-absolute elementor-widget elementor-widget-image\" data-id=\"59cc2e2\" data-element_type=\"widget\" data-settings=\"{&quot;_position&quot;:&quot;absolute&quot;}\" data-widget_type=\"image.default\">\n\t\t\t\t<div class=\"elementor-widget-container\">\n\t\t\t\t\t\t\t\t<div class=\"elementor-image\">\n\t\t\t\t\t\t\t\t\t\t\t\t<img width=\"308\" height=\"307\" src=\"https:\/\/www.global.upsites.dev\/wp-content\/uploads\/2021\/06\/ellipse-7-184339.png\" class=\"attachment-large size-large\" alt=\"fale-conosco-3\" loading=\"lazy\" srcset=\"https:\/\/www.global.upsites.dev\/wp-content\/uploads\/2021\/06\/ellipse-7-184339.png 308w, https:\/\/www.global.upsites.dev\/wp-content\/uploads\/2021\/06\/ellipse-7-184339-300x300.png 300w, https:\/\/www.global.upsites.dev\/wp-content\/uploads\/2021\/06\/ellipse-7-184339-150x150.png 150w, https:\/\/www.global.upsites.dev\/wp-content\/uploads\/2021\/06\/ellipse-7-184339-12x12.png 12w\" sizes=\"(max-width: 308px) 100vw, 308px\" \/>\t\t\t\t\t\t\t\t\t\t\t\t\t\t<\/div>\n\t\t\t\t\t\t<\/div>\n\t\t\t\t<\/div>\n\t\t\t\t<div class=\"elementor-element elementor-element-22fc7cf elementor-widget__width-initial elementor-absolute elementor-widget elementor-widget-image\" data-id=\"22fc7cf\" data-element_type=\"widget\" data-settings=\"{&quot;_position&quot;:&quot;absolute&quot;}\" data-widget_type=\"image.default\">\n\t\t\t\t<div class=\"elementor-widget-container\">\n\t\t\t\t\t\t\t\t<div class=\"elementor-image\">\n\t\t\t\t\t\t\t\t\t\t\t\t<img width=\"518\" height=\"519\" src=\"https:\/\/www.global.upsites.dev\/wp-content\/uploads\/2021\/06\/ellipse-6-184735.png\" class=\"attachment-large size-large\" alt=\"fale-conosco-2\" loading=\"lazy\" srcset=\"https:\/\/www.global.upsites.dev\/wp-content\/uploads\/2021\/06\/ellipse-6-184735.png 518w, https:\/\/www.global.upsites.dev\/wp-content\/uploads\/2021\/06\/ellipse-6-184735-300x300.png 300w, https:\/\/www.global.upsites.dev\/wp-content\/uploads\/2021\/06\/ellipse-6-184735-150x150.png 150w, https:\/\/www.global.upsites.dev\/wp-content\/uploads\/2021\/06\/ellipse-6-184735-12x12.png 12w\" sizes=\"(max-width: 518px) 100vw, 518px\" \/>\t\t\t\t\t\t\t\t\t\t\t\t\t\t<\/div>\n\t\t\t\t\t\t<\/div>\n\t\t\t\t<\/div>\n\t\t\t\t\t\t<\/div>\n\t\t\t\t\t<\/div>\n\t\t<\/div>\n\t\t\t\t\t\t\t\t<\/div>\n\t\t\t\t\t<\/div>\n\t\t<\/section>\n\t\t\t\t\t\t\t\t\t<\/div>\n\t\t\t<\/div>\n\t\t\t\t\t<\/div>","protected":false},"excerpt":{"rendered":"<p>Voc\u00ea se encarregaga das cenas, N\u00f3s protegemos os bastidores! Entre em contato atrav\u00e9s do formul\u00e1rio abaixo que teremos prazer de poder atend\u00ea-lo Fale Conosco +55 11 905214522 contato@grisksolutions.com Rua da Consola\u00e7\u00e3o, 247 &#8211; 12 andar,Consola\u00e7\u00e3o &#8211; S\u00e3o Paulo, SP. Cep: 01301-903 Ver no Google Maps<\/p>","protected":false},"author":10,"featured_media":0,"parent":0,"menu_order":0,"comment_status":"closed","ping_status":"closed","template":"elementor_header_footer","meta":[],"acf":[],"yoast_head":"<!-- This site is optimized with the Yoast SEO plugin v19.4 - https:\/\/yoast.com\/wordpress\/plugins\/seo\/ -->\n<title>Fale com a Global Risk Solutions - Global Risk Solutions<\/title>\n<meta name=\"description\" content=\"Estamos prontos a lhe atender no gerenciamento de riscos em produ\u00e7\u00e3o audiovisual. Envie uma mensagem!\" \/>\n<meta name=\"robots\" content=\"noindex, follow, max-snippet:-1, max-image-preview:large, max-video-preview:-1\" \/>\n<meta property=\"og:locale\" content=\"en_US\" \/>\n<meta property=\"og:type\" content=\"article\" \/>\n<meta property=\"og:title\" content=\"Fale com a Global Risk Solutions - Global Risk Solutions\" \/>\n<meta property=\"og:description\" content=\"Estamos prontos a lhe atender no gerenciamento de riscos em produ\u00e7\u00e3o audiovisual. Envie uma mensagem!\" \/>\n<meta property=\"og:url\" content=\"https:\/\/www.global.upsites.dev\/en\/contato\/\" \/>\n<meta property=\"og:site_name\" content=\"Global Risk Solutions\" \/>\n<meta property=\"article:modified_time\" content=\"2021-06-29T19:59:20+00:00\" \/>\n<meta property=\"og:image\" content=\"https:\/\/global.siteup.dev\/wp-content\/uploads\/2021\/06\/group-3779-183500.png\" \/>\n<meta name=\"twitter:card\" content=\"summary\" \/>\n<meta name=\"twitter:label1\" content=\"Est. reading time\" \/>\n\t<meta name=\"twitter:data1\" content=\"1 minute\" \/>\n<script type=\"application\/ld+json\" class=\"yoast-schema-graph\">{\"@context\":\"https:\/\/schema.org\",\"@graph\":[{\"@type\":\"Organization\",\"@id\":\"https:\/\/www.global.upsites.dev\/#organization\",\"name\":\"Global Risk Solutions\",\"url\":\"https:\/\/www.global.upsites.dev\/\",\"sameAs\":[],\"logo\":{\"@type\":\"ImageObject\",\"inLanguage\":\"en-US\",\"@id\":\"https:\/\/www.global.upsites.dev\/#\/schema\/logo\/image\/\",\"url\":\"https:\/\/www.global.upsites.dev\/wp-content\/uploads\/2021\/05\/logo-151008.png\",\"contentUrl\":\"https:\/\/www.global.upsites.dev\/wp-content\/uploads\/2021\/05\/logo-151008.png\",\"width\":180,\"height\":64,\"caption\":\"Global Risk Solutions\"},\"image\":{\"@id\":\"https:\/\/www.global.upsites.dev\/#\/schema\/logo\/image\/\"}},{\"@type\":\"WebSite\",\"@id\":\"https:\/\/www.global.upsites.dev\/#website\",\"url\":\"https:\/\/www.global.upsites.dev\/\",\"name\":\"Global Risk Solutions\",\"description\":\"\",\"publisher\":{\"@id\":\"https:\/\/www.global.upsites.dev\/#organization\"},\"potentialAction\":[{\"@type\":\"SearchAction\",\"target\":{\"@type\":\"EntryPoint\",\"urlTemplate\":\"https:\/\/www.global.upsites.dev\/?s={search_term_string}\"},\"query-input\":\"required name=search_term_string\"}],\"inLanguage\":\"en-US\"},{\"@type\":\"WebPage\",\"@id\":\"https:\/\/www.global.upsites.dev\/contato\/\",\"url\":\"https:\/\/www.global.upsites.dev\/contato\/\",\"name\":\"Fale com a Global Risk Solutions - Global Risk Solutions\",\"isPartOf\":{\"@id\":\"https:\/\/www.global.upsites.dev\/#website\"},\"datePublished\":\"2021-05-19T14:23:58+00:00\",\"dateModified\":\"2021-06-29T19:59:20+00:00\",\"description\":\"Estamos prontos a lhe atender no gerenciamento de riscos em produ\u00e7\u00e3o audiovisual. Envie uma mensagem!\",\"breadcrumb\":{\"@id\":\"https:\/\/www.global.upsites.dev\/contato\/#breadcrumb\"},\"inLanguage\":\"en-US\",\"potentialAction\":[{\"@type\":\"ReadAction\",\"target\":[\"https:\/\/www.global.upsites.dev\/contato\/\"]}]},{\"@type\":\"BreadcrumbList\",\"@id\":\"https:\/\/www.global.upsites.dev\/contato\/#breadcrumb\",\"itemListElement\":[{\"@type\":\"ListItem\",\"position\":1,\"name\":\"In\u00edcio\",\"item\":\"https:\/\/www.global.upsites.dev\/\"},{\"@type\":\"ListItem\",\"position\":2,\"name\":\"Contato\"}]}]}<\/script>\n<!-- \/ Yoast SEO plugin. -->","yoast_head_json":{"title":"Fale com a Global Risk Solutions - Global Risk Solutions","description":"Estamos prontos a lhe atender no gerenciamento de riscos em produ\u00e7\u00e3o audiovisual. Envie uma mensagem!","robots":{"index":"noindex","follow":"follow","max-snippet":"max-snippet:-1","max-image-preview":"max-image-preview:large","max-video-preview":"max-video-preview:-1"},"og_locale":"en_US","og_type":"article","og_title":"Fale com a Global Risk Solutions - Global Risk Solutions","og_description":"Estamos prontos a lhe atender no gerenciamento de riscos em produ\u00e7\u00e3o audiovisual. Envie uma mensagem!","og_url":"https:\/\/www.global.upsites.dev\/en\/contato\/","og_site_name":"Global Risk Solutions","article_modified_time":"2021-06-29T19:59:20+00:00","og_image":[{"url":"https:\/\/global.siteup.dev\/wp-content\/uploads\/2021\/06\/group-3779-183500.png"}],"twitter_card":"summary","twitter_misc":{"Est. reading time":"1 minute"},"schema":{"@context":"https:\/\/schema.org","@graph":[{"@type":"Organization","@id":"https:\/\/www.global.upsites.dev\/#organization","name":"Global Risk Solutions","url":"https:\/\/www.global.upsites.dev\/","sameAs":[],"logo":{"@type":"ImageObject","inLanguage":"en-US","@id":"https:\/\/www.global.upsites.dev\/#\/schema\/logo\/image\/","url":"https:\/\/www.global.upsites.dev\/wp-content\/uploads\/2021\/05\/logo-151008.png","contentUrl":"https:\/\/www.global.upsites.dev\/wp-content\/uploads\/2021\/05\/logo-151008.png","width":180,"height":64,"caption":"Global Risk Solutions"},"image":{"@id":"https:\/\/www.global.upsites.dev\/#\/schema\/logo\/image\/"}},{"@type":"WebSite","@id":"https:\/\/www.global.upsites.dev\/#website","url":"https:\/\/www.global.upsites.dev\/","name":"Global Risk Solutions","description":"","publisher":{"@id":"https:\/\/www.global.upsites.dev\/#organization"},"potentialAction":[{"@type":"SearchAction","target":{"@type":"EntryPoint","urlTemplate":"https:\/\/www.global.upsites.dev\/?s={search_term_string}"},"query-input":"required name=search_term_string"}],"inLanguage":"en-US"},{"@type":"WebPage","@id":"https:\/\/www.global.upsites.dev\/contato\/","url":"https:\/\/www.global.upsites.dev\/contato\/","name":"Fale com a Global Risk Solutions - Global Risk Solutions","isPartOf":{"@id":"https:\/\/www.global.upsites.dev\/#website"},"datePublished":"2021-05-19T14:23:58+00:00","dateModified":"2021-06-29T19:59:20+00:00","description":"Estamos prontos a lhe atender no gerenciamento de riscos em produ\u00e7\u00e3o audiovisual. Envie uma mensagem!","breadcrumb":{"@id":"https:\/\/www.global.upsites.dev\/contato\/#breadcrumb"},"inLanguage":"en-US","potentialAction":[{"@type":"ReadAction","target":["https:\/\/www.global.upsites.dev\/contato\/"]}]},{"@type":"BreadcrumbList","@id":"https:\/\/www.global.upsites.dev\/contato\/#breadcrumb","itemListElement":[{"@type":"ListItem","position":1,"name":"In\u00edcio","item":"https:\/\/www.global.upsites.dev\/"},{"@type":"ListItem","position":2,"name":"Contato"}]}]}},"_links":{"self":[{"href":"https:\/\/www.global.upsites.dev\/en\/wp-json\/wp\/v2\/pages\/118"}],"collection":[{"href":"https:\/\/www.global.upsites.dev\/en\/wp-json\/wp\/v2\/pages"}],"about":[{"href":"https:\/\/www.global.upsites.dev\/en\/wp-json\/wp\/v2\/types\/page"}],"author":[{"embeddable":true,"href":"https:\/\/www.global.upsites.dev\/en\/wp-json\/wp\/v2\/users\/10"}],"replies":[{"embeddable":true,"href":"https:\/\/www.global.upsites.dev\/en\/wp-json\/wp\/v2\/comments?post=118"}],"version-history":[{"count":3,"href":"https:\/\/www.global.upsites.dev\/en\/wp-json\/wp\/v2\/pages\/118\/revisions"}],"predecessor-version":[{"id":1962,"href":"https:\/\/www.global.upsites.dev\/en\/wp-json\/wp\/v2\/pages\/118\/revisions\/1962"}],"wp:attachment":[{"href":"https:\/\/www.global.upsites.dev\/en\/wp-json\/wp\/v2\/media?parent=118"}],"curies":[{"name":"wp","href":"https:\/\/api.w.org\/{rel}","templated":true}]}}